{"id":6368,"date":"2024-04-09T08:13:10","date_gmt":"2024-04-09T06:13:10","guid":{"rendered":"https:\/\/ptgeo.org.pl\/?page_id=6368"},"modified":"2025-02-17T13:34:26","modified_gmt":"2025-02-17T12:34:26","slug":"2001-2010","status":"publish","type":"page","link":"https:\/\/ptgeo.org.pl\/en\/2001-2010\/","title":{"rendered":"2001-2010"},"content":{"rendered":"<p><a name=\"Up\"><\/a>Years: <a href=\"#2010\">2010<\/a>, <a href=\"#2009\">2009,<\/a> <a href=\"#2008\">2008<\/a><a href=\"#2009\">, <\/a><a href=\"#2007\">2007<\/a><a href=\"#2009\">, <\/a><a href=\"#2006\">2006<\/a><a href=\"#2009\">, <\/a><a href=\"#2005\">2005<\/a><a href=\"#2009\">, <\/a><a href=\"#2004\">2004<\/a><a href=\"#2009\">, <\/a><a href=\"#2003\">2003<\/a><a href=\"#2009\">, <\/a><a href=\"#2002\">2002<\/a><a href=\"#2009\">, <\/a><a href=\"#2001\">2001<\/a><\/p>\n<hr \/>\n<h3 style=\"text-align: center;\"><a name=\"2010\"><\/a><strong>2010<\/strong><\/h3>\n<h3 style=\"text-align: center;\">Volume 81, Issue 1-2<a class=\"fancybox-gallery\" href=\"https:\/\/ptgeo.org.pl\/wp-content\/uploads\/2024\/10\/CG_2010_1_2_okladka.jpg\"><br \/>\n<img decoding=\"async\" class=\"size-medium wp-image-366 aligncenter\" src=\"https:\/\/ptgeo.org.pl\/wp-content\/uploads\/2024\/10\/CG_2010_1_2_okladka.jpg\" alt=\"Tom 81, Zeszyt 1-2\" width=\"150\" \/><\/a><\/h3>\n<h4><a href=\"https:\/\/ptgeo.org.pl\/wp-content\/uploads\/2024\/10\/CG_2010_1_2_strona-redakcyjna.pdf\">Front matter<\/a><\/h4>\n<h4><a href=\"https:\/\/ptgeo.org.pl\/wp-content\/uploads\/2024\/10\/CG_2010_1_2_spis-tresci.pdf\">Table of contents<\/a><\/h4>\n<hr \/>\n<h4>Articles<\/h4>\n<p>A. Kotarba, P. Migo\u0144<br \/>\n<a href=\"https:\/\/open.icm.edu.pl\/items\/6a3911a2-f497-470f-bb7f-9374ee871233\"><strong>High mountains versus mid-altitude mountains \u2013 a viewpoint of a geomorphologist<\/strong><\/a><br \/>\npp. 3-19<\/p>\n<p>A. Koz\u0142owska, Z. R\u0105czkowska<br \/>\n<a href=\"https:\/\/open.icm.edu.pl\/items\/7b9ddf4a-dca9-47e0-91c6-3fe5951494d9\"><strong>The geobotanical indicators of high-mountain environment<\/strong><\/a><br \/>\npp. 21-41<\/p>\n<p>M. Jod\u0142owski<br \/>\n<a href=\"https:\/\/open.icm.edu.pl\/items\/60f05e55-cdac-4fc2-9328-002a1649b914\"><strong>Krummholz-line in the mountains of Central Europe \u2013 controls and types of the ecotone<\/strong><\/a><br \/>\npp. 43-59<\/p>\n<p>J. Zasadni<br \/>\n<a href=\"https:\/\/open.icm.edu.pl\/items\/7c29ab4b-21ab-4fbb-99b9-60d8b139dcac\"><strong>Methods of reconstruction equilibrium line altitude of glaciers<\/strong><\/a><br \/>\npp. 61-74<\/p>\n<p>M. K\u0159\u00ed\u017eek, V. Treml, Z. Engel<br \/>\n<a href=\"https:\/\/open.icm.edu.pl\/items\/e0dd26af-c7f8-46e0-bbf5-94bf51d4a12e\"><strong>Are the highest parts of the Sudetes above the upper timber line a periglacial domain?<\/strong><\/a><br \/>\npp. 75-102<\/p>\n<p>E. Rojan<br \/>\n<a href=\"https:\/\/open.icm.edu.pl\/items\/00f73d9a-2c34-442f-95a0-4472015a3aff\"><strong>The role of severe windstorms in modifying the mountain forest floor relief; a case of the blowdown area in the Slovakian High Tatras<\/strong><\/a><br \/>\npp. 103-123<\/p>\n<h4>Chronicle<\/h4>\n<p><a href=\"https:\/\/ptgeo.org.pl\/wp-content\/uploads\/2024\/10\/CG_2010_1_2_kronika.pdf\"><strong>X Konferencja z cyklu: Przekszta\u0142cenia regionalnych struktur funkcjonalnoprzestrzennych oraz Jubileusz 70-lecia urodzin i 45-lecia pracy naukowej prof. dra hab. Jana \u0141obody<\/strong><\/a> &#8211; S. Grykie\u0144, B.\u00a0Namy\u015blak<br \/>\npp. 125-132<\/p>\n<p style=\"text-align: right;\"><a href=\"https:\/\/ptgeo.org.pl\/wp-content\/uploads\/2021\/07\/CG_2010_1_2.pdf\" target=\"_blank\" rel=\"noopener\">Tom 81, Zeszyt 1-2 (full)<\/a><\/p>\n<hr \/>\n<p><a href=\"https:\/\/ptgeo.org.pl\/wp-content\/uploads\/2021\/07\/CG_2010_3.pdf\" target=\"_blank\" rel=\"noopener\">Volume 81, Issue 3<\/a><br \/>\n<a href=\"https:\/\/ptgeo.org.pl\/wp-content\/uploads\/2021\/07\/CG_2010_4.pdf\" target=\"_blank\" rel=\"noopener\">Volume 81, Issue 4<\/a><\/p>\n<p style=\"text-align: right;\"><a href=\"#Up\">Go up<\/a><\/p>\n<hr \/>\n<h3 style=\"text-align: center;\"><a name=\"2009\"><\/a><strong>2009<\/strong><\/h3>\n<p><a href=\"https:\/\/ptgeo.org.pl\/wp-content\/uploads\/2021\/07\/CG_2009_1_2.pdf\" target=\"_blank\" rel=\"noopener\">Volume 80, Issue 1-2<\/a><br \/>\n<a href=\"https:\/\/ptgeo.org.pl\/wp-content\/uploads\/2021\/07\/CG_2009_3.pdf\" target=\"_blank\" rel=\"noopener\">Volume 80, Issue 3<\/a><br \/>\n<a href=\"https:\/\/ptgeo.org.pl\/wp-content\/uploads\/2021\/07\/CG_2009_4.pdf\" target=\"_blank\" rel=\"noopener\">Volume 80, Issue 4<\/a><\/p>\n<p style=\"text-align: right;\"><a href=\"#Up\">Go up<\/a><\/p>\n<hr \/>\n<h3 style=\"text-align: center;\"><a name=\"2008\"><\/a><strong>2008<\/strong><\/h3>\n<p>Volume 79, Issue 1-2<br \/>\nVolume 79, Issue 3<br \/>\nVolume 79, Issue 4<\/p>\n<p style=\"text-align: right;\"><a href=\"#Up\">Go up<\/a><\/p>\n<hr \/>\n<h3 style=\"text-align: center;\"><a name=\"2007\"><\/a><strong>2007<\/strong><\/h3>\n<p>Volume 78, Issue 1-2<br \/>\nVolume 78, Issue 3<br \/>\nVolume 78, Issue 4<\/p>\n<p style=\"text-align: right;\"><a href=\"#Up\">Go up<\/a><\/p>\n<hr \/>\n<h3 style=\"text-align: center;\"><a name=\"2006\"><\/a><strong>2006<\/strong><\/h3>\n<p>Volume 77, Issue 1-2<br \/>\nVolume 77, Issue 3<br \/>\nVolume 77, Issue 4<\/p>\n<p style=\"text-align: right;\"><a href=\"#Up\">Go up<\/a><\/p>\n<hr \/>\n<h3 style=\"text-align: center;\"><a name=\"2005\"><\/a><strong>2005<\/strong><\/h3>\n<p>Volume 76, Issue 1-2<br \/>\nVolume 76, Issue 3<br \/>\nVolume 76, Issue 4<\/p>\n<p style=\"text-align: right;\"><a href=\"#Up\">Go up<\/a><\/p>\n<hr \/>\n<h3 style=\"text-align: center;\"><a name=\"2004\"><\/a><strong>2004<\/strong><\/h3>\n<p>Volume 75, Issue 1-2<br \/>\nVolume 75, Issue 3<br \/>\nVolume 75, Issue 4<\/p>\n<p style=\"text-align: right;\"><a href=\"#Up\">Go up<\/a><\/p>\n<hr \/>\n<h3 style=\"text-align: center;\"><a name=\"2003\"><\/a><strong>2003<\/strong><\/h3>\n<p>Volume 74, Issue 1-2<br \/>\nVolume 74, Issue 3<br \/>\nVolume 74, Issue 4<\/p>\n<p style=\"text-align: right;\"><a href=\"#Up\">Go up<\/a><\/p>\n<hr \/>\n<h3 style=\"text-align: center;\"><a name=\"2002\"><\/a><strong>2002<\/strong><\/h3>\n<p>Volume 73, Issue 1-2<br \/>\nVolume 73, Issue 3<br \/>\nVolume 73, Issue 4<\/p>\n<p style=\"text-align: right;\"><a href=\"#Up\">Go up<\/a><\/p>\n<hr \/>\n<h3 style=\"text-align: center;\"><a name=\"2001\"><\/a><strong>2001<\/strong><\/h3>\n<p>Volume 72, Issue 1<br \/>\nVolume 72, Issue 2<br \/>\nVolume 72, Issue 3-4<\/p>\n<p style=\"text-align: right;\"><a href=\"#Up\">Go up<\/a><\/p>\n<p><\/p>","protected":false},"excerpt":{"rendered":"<p>Years: 2010, 2009, 2008, 2007, 2006, 2005, 2004, 2003, 2002, 2001 2010 Volume 81, Issue 1-2 Front matter Table of contents Articles A. Kotarba, P. Migo\u0144 High mountains versus mid-altitude mountains \u2013 a viewpoint of a geomorphologist pp. 3-19 A. Koz\u0142owska, Z. R\u0105czkowska The geobotanical indicators of high-mountain environment pp. 21-41 M. Jod\u0142owski Krummholz-line in [&hellip;]<\/p>\n","protected":false},"author":4,"featured_media":0,"parent":0,"menu_order":3,"comment_status":"closed","ping_status":"closed","template":"","meta":{"footnotes":""},"class_list":["post-6368","page","type-page","status-publish","hentry"],"yoast_head":"<!-- This site is optimized with the Yoast SEO plugin v27.3 - https:\/\/yoast.com\/product\/yoast-seo-wordpress\/ -->\n<title>2001-2010 - Polish Geographical Society<\/title>\n<meta name=\"robots\" content=\"index, follow, max-snippet:-1, max-image-preview:large, max-video-preview:-1\" \/>\n<link rel=\"canonical\" href=\"https:\/\/ptgeo.org.pl\/2001-2010\/\" \/>\n<meta property=\"og:locale\" content=\"en_US\" \/>\n<meta property=\"og:type\" content=\"article\" \/>\n<meta property=\"og:title\" content=\"2001-2010 - Polish Geographical Society\" \/>\n<meta property=\"og:description\" content=\"Years: 2010, 2009, 2008, 2007, 2006, 2005, 2004, 2003, 2002, 2001 2010 Volume 81, Issue 1-2 Front matter Table of contents Articles A. Kotarba, P. Migo\u0144 High mountains versus mid-altitude mountains \u2013 a viewpoint of a geomorphologist pp. 3-19 A. Koz\u0142owska, Z. R\u0105czkowska The geobotanical indicators of high-mountain environment pp. 21-41 M. Jod\u0142owski Krummholz-line in [&hellip;]\" \/>\n<meta property=\"og:url\" content=\"https:\/\/ptgeo.org.pl\/2001-2010\/\" \/>\n<meta property=\"og:site_name\" content=\"Polish Geographical Society\" \/>\n<meta property=\"article:publisher\" content=\"https:\/\/www.facebook.com\/ptgeo.org\/\" \/>\n<meta property=\"article:modified_time\" content=\"2025-02-17T12:34:26+00:00\" \/>\n<meta property=\"og:image\" content=\"https:\/\/ptgeo.org.pl\/wp-content\/uploads\/2016\/12\/ptgeo_screen_1.png\" \/>\n\t<meta property=\"og:image:width\" content=\"1502\" \/>\n\t<meta property=\"og:image:height\" content=\"1758\" \/>\n\t<meta property=\"og:image:type\" content=\"image\/png\" \/>\n<meta name=\"twitter:label1\" content=\"Est. reading time\" \/>\n\t<meta name=\"twitter:data1\" content=\"4 minutes\" \/>\n<script type=\"application\/ld+json\" class=\"yoast-schema-graph\">{\"@context\":\"https:\\\/\\\/schema.org\",\"@graph\":[{\"@type\":\"WebPage\",\"@id\":\"https:\\\/\\\/ptgeo.org.pl\\\/2001-2010\\\/\",\"url\":\"https:\\\/\\\/ptgeo.org.pl\\\/2001-2010\\\/\",\"name\":\"2001-2010 - Polish Geographical Society\",\"isPartOf\":{\"@id\":\"https:\\\/\\\/ptgeo.org.pl\\\/#website\"},\"primaryImageOfPage\":{\"@id\":\"https:\\\/\\\/ptgeo.org.pl\\\/2001-2010\\\/#primaryimage\"},\"image\":{\"@id\":\"https:\\\/\\\/ptgeo.org.pl\\\/2001-2010\\\/#primaryimage\"},\"thumbnailUrl\":\"https:\\\/\\\/ptgeo.org.pl\\\/wp-content\\\/uploads\\\/2024\\\/10\\\/CG_2010_1_2_okladka.jpg\",\"datePublished\":\"2024-04-09T06:13:10+00:00\",\"dateModified\":\"2025-02-17T12:34:26+00:00\",\"breadcrumb\":{\"@id\":\"https:\\\/\\\/ptgeo.org.pl\\\/2001-2010\\\/#breadcrumb\"},\"inLanguage\":\"en-US\",\"potentialAction\":[{\"@type\":\"ReadAction\",\"target\":[\"https:\\\/\\\/ptgeo.org.pl\\\/2001-2010\\\/\"]}]},{\"@type\":\"ImageObject\",\"inLanguage\":\"en-US\",\"@id\":\"https:\\\/\\\/ptgeo.org.pl\\\/2001-2010\\\/#primaryimage\",\"url\":\"https:\\\/\\\/ptgeo.org.pl\\\/wp-content\\\/uploads\\\/2024\\\/10\\\/CG_2010_1_2_okladka.jpg\",\"contentUrl\":\"https:\\\/\\\/ptgeo.org.pl\\\/wp-content\\\/uploads\\\/2024\\\/10\\\/CG_2010_1_2_okladka.jpg\"},{\"@type\":\"BreadcrumbList\",\"@id\":\"https:\\\/\\\/ptgeo.org.pl\\\/2001-2010\\\/#breadcrumb\",\"itemListElement\":[{\"@type\":\"ListItem\",\"position\":1,\"name\":\"Strona g\u0142\u00f3wna\",\"item\":\"https:\\\/\\\/ptgeo.org.pl\\\/\"},{\"@type\":\"ListItem\",\"position\":2,\"name\":\"2001-2010\"}]},{\"@type\":\"WebSite\",\"@id\":\"https:\\\/\\\/ptgeo.org.pl\\\/#website\",\"url\":\"https:\\\/\\\/ptgeo.org.pl\\\/\",\"name\":\"Polskie Towarzystwo Geograficzne (PTG)\",\"description\":\"Official Website of Polish Geographical Society. Information, news, contacts and more.\",\"publisher\":{\"@id\":\"https:\\\/\\\/ptgeo.org.pl\\\/#organization\"},\"potentialAction\":[{\"@type\":\"SearchAction\",\"target\":{\"@type\":\"EntryPoint\",\"urlTemplate\":\"https:\\\/\\\/ptgeo.org.pl\\\/?s={search_term_string}\"},\"query-input\":{\"@type\":\"PropertyValueSpecification\",\"valueRequired\":true,\"valueName\":\"search_term_string\"}}],\"inLanguage\":\"en-US\"},{\"@type\":\"Organization\",\"@id\":\"https:\\\/\\\/ptgeo.org.pl\\\/#organization\",\"name\":\"Polskie Towarzystwo Geograficzne\",\"url\":\"https:\\\/\\\/ptgeo.org.pl\\\/\",\"logo\":{\"@type\":\"ImageObject\",\"inLanguage\":\"en-US\",\"@id\":\"https:\\\/\\\/ptgeo.org.pl\\\/#\\\/schema\\\/logo\\\/image\\\/\",\"url\":\"https:\\\/\\\/ptgeo.org.pl\\\/wp-content\\\/uploads\\\/2020\\\/11\\\/PTG_Logo_Kwadrat.jpg\",\"contentUrl\":\"https:\\\/\\\/ptgeo.org.pl\\\/wp-content\\\/uploads\\\/2020\\\/11\\\/PTG_Logo_Kwadrat.jpg\",\"width\":750,\"height\":750,\"caption\":\"Polskie Towarzystwo Geograficzne\"},\"image\":{\"@id\":\"https:\\\/\\\/ptgeo.org.pl\\\/#\\\/schema\\\/logo\\\/image\\\/\"},\"sameAs\":[\"https:\\\/\\\/www.facebook.com\\\/ptgeo.org\\\/\",\"https:\\\/\\\/pl.wikipedia.org\\\/wiki\\\/Polskie_Towarzystwo_Geograficzne\"]}]}<\/script>\n<!-- \/ Yoast SEO plugin. -->","yoast_head_json":{"title":"2001-2010 - Polish Geographical Society","robots":{"index":"index","follow":"follow","max-snippet":"max-snippet:-1","max-image-preview":"max-image-preview:large","max-video-preview":"max-video-preview:-1"},"canonical":"https:\/\/ptgeo.org.pl\/2001-2010\/","og_locale":"en_US","og_type":"article","og_title":"2001-2010 - Polish Geographical Society","og_description":"Years: 2010, 2009, 2008, 2007, 2006, 2005, 2004, 2003, 2002, 2001 2010 Volume 81, Issue 1-2 Front matter Table of contents Articles A. Kotarba, P. Migo\u0144 High mountains versus mid-altitude mountains \u2013 a viewpoint of a geomorphologist pp. 3-19 A. Koz\u0142owska, Z. R\u0105czkowska The geobotanical indicators of high-mountain environment pp. 21-41 M. Jod\u0142owski Krummholz-line in [&hellip;]","og_url":"https:\/\/ptgeo.org.pl\/2001-2010\/","og_site_name":"Polish Geographical Society","article_publisher":"https:\/\/www.facebook.com\/ptgeo.org\/","article_modified_time":"2025-02-17T12:34:26+00:00","og_image":[{"width":1502,"height":1758,"url":"https:\/\/ptgeo.org.pl\/wp-content\/uploads\/2016\/12\/ptgeo_screen_1.png","type":"image\/png"}],"twitter_misc":{"Est. reading time":"4 minutes"},"schema":{"@context":"https:\/\/schema.org","@graph":[{"@type":"WebPage","@id":"https:\/\/ptgeo.org.pl\/2001-2010\/","url":"https:\/\/ptgeo.org.pl\/2001-2010\/","name":"2001-2010 - Polish Geographical Society","isPartOf":{"@id":"https:\/\/ptgeo.org.pl\/#website"},"primaryImageOfPage":{"@id":"https:\/\/ptgeo.org.pl\/2001-2010\/#primaryimage"},"image":{"@id":"https:\/\/ptgeo.org.pl\/2001-2010\/#primaryimage"},"thumbnailUrl":"https:\/\/ptgeo.org.pl\/wp-content\/uploads\/2024\/10\/CG_2010_1_2_okladka.jpg","datePublished":"2024-04-09T06:13:10+00:00","dateModified":"2025-02-17T12:34:26+00:00","breadcrumb":{"@id":"https:\/\/ptgeo.org.pl\/2001-2010\/#breadcrumb"},"inLanguage":"en-US","potentialAction":[{"@type":"ReadAction","target":["https:\/\/ptgeo.org.pl\/2001-2010\/"]}]},{"@type":"ImageObject","inLanguage":"en-US","@id":"https:\/\/ptgeo.org.pl\/2001-2010\/#primaryimage","url":"https:\/\/ptgeo.org.pl\/wp-content\/uploads\/2024\/10\/CG_2010_1_2_okladka.jpg","contentUrl":"https:\/\/ptgeo.org.pl\/wp-content\/uploads\/2024\/10\/CG_2010_1_2_okladka.jpg"},{"@type":"BreadcrumbList","@id":"https:\/\/ptgeo.org.pl\/2001-2010\/#breadcrumb","itemListElement":[{"@type":"ListItem","position":1,"name":"Strona g\u0142\u00f3wna","item":"https:\/\/ptgeo.org.pl\/"},{"@type":"ListItem","position":2,"name":"2001-2010"}]},{"@type":"WebSite","@id":"https:\/\/ptgeo.org.pl\/#website","url":"https:\/\/ptgeo.org.pl\/","name":"Polskie Towarzystwo Geograficzne (PTG)","description":"Official Website of Polish Geographical Society. Information, news, contacts and more.","publisher":{"@id":"https:\/\/ptgeo.org.pl\/#organization"},"potentialAction":[{"@type":"SearchAction","target":{"@type":"EntryPoint","urlTemplate":"https:\/\/ptgeo.org.pl\/?s={search_term_string}"},"query-input":{"@type":"PropertyValueSpecification","valueRequired":true,"valueName":"search_term_string"}}],"inLanguage":"en-US"},{"@type":"Organization","@id":"https:\/\/ptgeo.org.pl\/#organization","name":"Polskie Towarzystwo Geograficzne","url":"https:\/\/ptgeo.org.pl\/","logo":{"@type":"ImageObject","inLanguage":"en-US","@id":"https:\/\/ptgeo.org.pl\/#\/schema\/logo\/image\/","url":"https:\/\/ptgeo.org.pl\/wp-content\/uploads\/2020\/11\/PTG_Logo_Kwadrat.jpg","contentUrl":"https:\/\/ptgeo.org.pl\/wp-content\/uploads\/2020\/11\/PTG_Logo_Kwadrat.jpg","width":750,"height":750,"caption":"Polskie Towarzystwo Geograficzne"},"image":{"@id":"https:\/\/ptgeo.org.pl\/#\/schema\/logo\/image\/"},"sameAs":["https:\/\/www.facebook.com\/ptgeo.org\/","https:\/\/pl.wikipedia.org\/wiki\/Polskie_Towarzystwo_Geograficzne"]}]}},"_links":{"self":[{"href":"https:\/\/ptgeo.org.pl\/en\/wp-json\/wp\/v2\/pages\/6368","targetHints":{"allow":["GET"]}}],"collection":[{"href":"https:\/\/ptgeo.org.pl\/en\/wp-json\/wp\/v2\/pages"}],"about":[{"href":"https:\/\/ptgeo.org.pl\/en\/wp-json\/wp\/v2\/types\/page"}],"author":[{"embeddable":true,"href":"https:\/\/ptgeo.org.pl\/en\/wp-json\/wp\/v2\/users\/4"}],"replies":[{"embeddable":true,"href":"https:\/\/ptgeo.org.pl\/en\/wp-json\/wp\/v2\/comments?post=6368"}],"version-history":[{"count":16,"href":"https:\/\/ptgeo.org.pl\/en\/wp-json\/wp\/v2\/pages\/6368\/revisions"}],"predecessor-version":[{"id":7416,"href":"https:\/\/ptgeo.org.pl\/en\/wp-json\/wp\/v2\/pages\/6368\/revisions\/7416"}],"wp:attachment":[{"href":"https:\/\/ptgeo.org.pl\/en\/wp-json\/wp\/v2\/media?parent=6368"}],"curies":[{"name":"wp","href":"https:\/\/api.w.org\/{rel}","templated":true}]}}