{"id":4913,"date":"2023-02-02T15:07:30","date_gmt":"2023-02-02T14:07:30","guid":{"rendered":"https:\/\/ptgeo.org.pl\/?page_id=4913"},"modified":"2023-03-21T12:12:58","modified_gmt":"2023-03-21T11:12:58","slug":"komitety","status":"publish","type":"page","link":"https:\/\/ptgeo.org.pl\/en\/kgp2023\/komitety\/","title":{"rendered":"(Polski) Komitety"},"content":{"rendered":"<p class=\"qtranxs-available-languages-message qtranxs-available-languages-message-en\">Sorry, this entry is only available in <a href=\"https:\/\/ptgeo.org.pl\/pl\/wp-json\/wp\/v2\/pages\/4913\" class=\"qtranxs-available-language-link qtranxs-available-language-link-pl\" title=\"Polski\">Polski<\/a>.<\/p>","protected":false},"excerpt":{"rendered":"<p>Sorry, this entry is only available in Polski.<\/p>\n","protected":false},"author":6,"featured_media":5234,"parent":4886,"menu_order":3,"comment_status":"closed","ping_status":"closed","template":"page-commision-subpage.php","meta":{"footnotes":""},"class_list":["post-4913","page","type-page","status-publish","has-post-thumbnail","hentry"],"yoast_head":"<!-- This site is optimized with the Yoast SEO plugin v27.3 - https:\/\/yoast.com\/product\/yoast-seo-wordpress\/ -->\n<title>Komitety naukowy i organizacyjny KGP2023<\/title>\n<meta name=\"description\" content=\"Strona Komitety KGP2023 prezentuje wykaz os\u00f3b, kt\u00f3re dzia\u0142aj\u0105 si\u0119 w komitetach naukowym i organizacyjnym Kongresu Geografii Polskiej.\" \/>\n<meta name=\"robots\" content=\"index, follow, max-snippet:-1, max-image-preview:large, max-video-preview:-1\" \/>\n<link rel=\"canonical\" href=\"https:\/\/ptgeo.org.pl\/kgp2023\/komitety\/\" \/>\n<meta property=\"og:locale\" content=\"en_US\" \/>\n<meta property=\"og:type\" content=\"article\" \/>\n<meta property=\"og:title\" content=\"Komitety naukowy i organizacyjny KGP2023\" \/>\n<meta property=\"og:description\" content=\"Strona Komitety KGP2023 prezentuje wykaz os\u00f3b, kt\u00f3re dzia\u0142aj\u0105 si\u0119 w komitetach naukowym i organizacyjnym Kongresu Geografii Polskiej.\" \/>\n<meta property=\"og:url\" content=\"https:\/\/ptgeo.org.pl\/kgp2023\/komitety\/\" \/>\n<meta property=\"og:site_name\" content=\"Polish Geographical Society\" \/>\n<meta property=\"article:publisher\" content=\"https:\/\/www.facebook.com\/ptgeo.org\/\" \/>\n<meta property=\"article:modified_time\" content=\"2023-03-21T11:12:58+00:00\" \/>\n<meta property=\"og:image\" content=\"https:\/\/ptgeo.org.pl\/wp-content\/uploads\/2023\/03\/KGP2023_BannerKGP_BialeTloPoziom.jpg\" \/>\n\t<meta property=\"og:image:width\" content=\"1000\" \/>\n\t<meta property=\"og:image:height\" content=\"700\" \/>\n\t<meta property=\"og:image:type\" content=\"image\/jpeg\" \/>\n<meta name=\"twitter:label1\" content=\"Est. reading time\" \/>\n\t<meta name=\"twitter:data1\" content=\"2 minutes\" \/>\n<script type=\"application\/ld+json\" class=\"yoast-schema-graph\">{\"@context\":\"https:\\\/\\\/schema.org\",\"@graph\":[{\"@type\":\"WebPage\",\"@id\":\"https:\\\/\\\/ptgeo.org.pl\\\/kgp2023\\\/komitety\\\/\",\"url\":\"https:\\\/\\\/ptgeo.org.pl\\\/kgp2023\\\/komitety\\\/\",\"name\":\"Komitety naukowy i organizacyjny KGP2023\",\"isPartOf\":{\"@id\":\"https:\\\/\\\/ptgeo.org.pl\\\/#website\"},\"primaryImageOfPage\":{\"@id\":\"https:\\\/\\\/ptgeo.org.pl\\\/kgp2023\\\/komitety\\\/#primaryimage\"},\"image\":{\"@id\":\"https:\\\/\\\/ptgeo.org.pl\\\/kgp2023\\\/komitety\\\/#primaryimage\"},\"thumbnailUrl\":\"https:\\\/\\\/ptgeo.org.pl\\\/wp-content\\\/uploads\\\/2023\\\/03\\\/KGP2023_BannerKGP_BialeTloPoziom.jpg\",\"datePublished\":\"2023-02-02T14:07:30+00:00\",\"dateModified\":\"2023-03-21T11:12:58+00:00\",\"description\":\"Strona Komitety KGP2023 prezentuje wykaz os\u00f3b, kt\u00f3re dzia\u0142aj\u0105 si\u0119 w komitetach naukowym i organizacyjnym Kongresu Geografii Polskiej.\",\"breadcrumb\":{\"@id\":\"https:\\\/\\\/ptgeo.org.pl\\\/kgp2023\\\/komitety\\\/#breadcrumb\"},\"inLanguage\":\"en-US\",\"potentialAction\":[{\"@type\":\"ReadAction\",\"target\":[\"https:\\\/\\\/ptgeo.org.pl\\\/kgp2023\\\/komitety\\\/\"]}]},{\"@type\":\"ImageObject\",\"inLanguage\":\"en-US\",\"@id\":\"https:\\\/\\\/ptgeo.org.pl\\\/kgp2023\\\/komitety\\\/#primaryimage\",\"url\":\"https:\\\/\\\/ptgeo.org.pl\\\/wp-content\\\/uploads\\\/2023\\\/03\\\/KGP2023_BannerKGP_BialeTloPoziom.jpg\",\"contentUrl\":\"https:\\\/\\\/ptgeo.org.pl\\\/wp-content\\\/uploads\\\/2023\\\/03\\\/KGP2023_BannerKGP_BialeTloPoziom.jpg\",\"width\":1000,\"height\":700},{\"@type\":\"BreadcrumbList\",\"@id\":\"https:\\\/\\\/ptgeo.org.pl\\\/kgp2023\\\/komitety\\\/#breadcrumb\",\"itemListElement\":[{\"@type\":\"ListItem\",\"position\":1,\"name\":\"Strona g\u0142\u00f3wna\",\"item\":\"https:\\\/\\\/ptgeo.org.pl\\\/\"},{\"@type\":\"ListItem\",\"position\":2,\"name\":\"Kongres Geografii Polskiej 2023\",\"item\":\"https:\\\/\\\/ptgeo.org.pl\\\/kgp2023\\\/\"},{\"@type\":\"ListItem\",\"position\":3,\"name\":\"Komitety\"}]},{\"@type\":\"WebSite\",\"@id\":\"https:\\\/\\\/ptgeo.org.pl\\\/#website\",\"url\":\"https:\\\/\\\/ptgeo.org.pl\\\/\",\"name\":\"Polskie Towarzystwo Geograficzne (PTG)\",\"description\":\"Official Website of Polish Geographical Society. Information, news, contacts and more.\",\"publisher\":{\"@id\":\"https:\\\/\\\/ptgeo.org.pl\\\/#organization\"},\"potentialAction\":[{\"@type\":\"SearchAction\",\"target\":{\"@type\":\"EntryPoint\",\"urlTemplate\":\"https:\\\/\\\/ptgeo.org.pl\\\/?s={search_term_string}\"},\"query-input\":{\"@type\":\"PropertyValueSpecification\",\"valueRequired\":true,\"valueName\":\"search_term_string\"}}],\"inLanguage\":\"en-US\"},{\"@type\":\"Organization\",\"@id\":\"https:\\\/\\\/ptgeo.org.pl\\\/#organization\",\"name\":\"Polskie Towarzystwo Geograficzne\",\"url\":\"https:\\\/\\\/ptgeo.org.pl\\\/\",\"logo\":{\"@type\":\"ImageObject\",\"inLanguage\":\"en-US\",\"@id\":\"https:\\\/\\\/ptgeo.org.pl\\\/#\\\/schema\\\/logo\\\/image\\\/\",\"url\":\"https:\\\/\\\/ptgeo.org.pl\\\/wp-content\\\/uploads\\\/2020\\\/11\\\/PTG_Logo_Kwadrat.jpg\",\"contentUrl\":\"https:\\\/\\\/ptgeo.org.pl\\\/wp-content\\\/uploads\\\/2020\\\/11\\\/PTG_Logo_Kwadrat.jpg\",\"width\":750,\"height\":750,\"caption\":\"Polskie Towarzystwo Geograficzne\"},\"image\":{\"@id\":\"https:\\\/\\\/ptgeo.org.pl\\\/#\\\/schema\\\/logo\\\/image\\\/\"},\"sameAs\":[\"https:\\\/\\\/www.facebook.com\\\/ptgeo.org\\\/\",\"https:\\\/\\\/pl.wikipedia.org\\\/wiki\\\/Polskie_Towarzystwo_Geograficzne\"]}]}<\/script>\n<!-- \/ Yoast SEO plugin. -->","yoast_head_json":{"title":"Komitety naukowy i organizacyjny KGP2023","description":"Strona Komitety KGP2023 prezentuje wykaz os\u00f3b, kt\u00f3re dzia\u0142aj\u0105 si\u0119 w komitetach naukowym i organizacyjnym Kongresu Geografii Polskiej.","robots":{"index":"index","follow":"follow","max-snippet":"max-snippet:-1","max-image-preview":"max-image-preview:large","max-video-preview":"max-video-preview:-1"},"canonical":"https:\/\/ptgeo.org.pl\/kgp2023\/komitety\/","og_locale":"en_US","og_type":"article","og_title":"Komitety naukowy i organizacyjny KGP2023","og_description":"Strona Komitety KGP2023 prezentuje wykaz os\u00f3b, kt\u00f3re dzia\u0142aj\u0105 si\u0119 w komitetach naukowym i organizacyjnym Kongresu Geografii Polskiej.","og_url":"https:\/\/ptgeo.org.pl\/kgp2023\/komitety\/","og_site_name":"Polish Geographical Society","article_publisher":"https:\/\/www.facebook.com\/ptgeo.org\/","article_modified_time":"2023-03-21T11:12:58+00:00","og_image":[{"width":1000,"height":700,"url":"https:\/\/ptgeo.org.pl\/wp-content\/uploads\/2023\/03\/KGP2023_BannerKGP_BialeTloPoziom.jpg","type":"image\/jpeg"}],"twitter_misc":{"Est. reading time":"2 minutes"},"schema":{"@context":"https:\/\/schema.org","@graph":[{"@type":"WebPage","@id":"https:\/\/ptgeo.org.pl\/kgp2023\/komitety\/","url":"https:\/\/ptgeo.org.pl\/kgp2023\/komitety\/","name":"Komitety naukowy i organizacyjny KGP2023","isPartOf":{"@id":"https:\/\/ptgeo.org.pl\/#website"},"primaryImageOfPage":{"@id":"https:\/\/ptgeo.org.pl\/kgp2023\/komitety\/#primaryimage"},"image":{"@id":"https:\/\/ptgeo.org.pl\/kgp2023\/komitety\/#primaryimage"},"thumbnailUrl":"https:\/\/ptgeo.org.pl\/wp-content\/uploads\/2023\/03\/KGP2023_BannerKGP_BialeTloPoziom.jpg","datePublished":"2023-02-02T14:07:30+00:00","dateModified":"2023-03-21T11:12:58+00:00","description":"Strona Komitety KGP2023 prezentuje wykaz os\u00f3b, kt\u00f3re dzia\u0142aj\u0105 si\u0119 w komitetach naukowym i organizacyjnym Kongresu Geografii Polskiej.","breadcrumb":{"@id":"https:\/\/ptgeo.org.pl\/kgp2023\/komitety\/#breadcrumb"},"inLanguage":"en-US","potentialAction":[{"@type":"ReadAction","target":["https:\/\/ptgeo.org.pl\/kgp2023\/komitety\/"]}]},{"@type":"ImageObject","inLanguage":"en-US","@id":"https:\/\/ptgeo.org.pl\/kgp2023\/komitety\/#primaryimage","url":"https:\/\/ptgeo.org.pl\/wp-content\/uploads\/2023\/03\/KGP2023_BannerKGP_BialeTloPoziom.jpg","contentUrl":"https:\/\/ptgeo.org.pl\/wp-content\/uploads\/2023\/03\/KGP2023_BannerKGP_BialeTloPoziom.jpg","width":1000,"height":700},{"@type":"BreadcrumbList","@id":"https:\/\/ptgeo.org.pl\/kgp2023\/komitety\/#breadcrumb","itemListElement":[{"@type":"ListItem","position":1,"name":"Strona g\u0142\u00f3wna","item":"https:\/\/ptgeo.org.pl\/"},{"@type":"ListItem","position":2,"name":"Kongres Geografii Polskiej 2023","item":"https:\/\/ptgeo.org.pl\/kgp2023\/"},{"@type":"ListItem","position":3,"name":"Komitety"}]},{"@type":"WebSite","@id":"https:\/\/ptgeo.org.pl\/#website","url":"https:\/\/ptgeo.org.pl\/","name":"Polskie Towarzystwo Geograficzne (PTG)","description":"Official Website of Polish Geographical Society. Information, news, contacts and more.","publisher":{"@id":"https:\/\/ptgeo.org.pl\/#organization"},"potentialAction":[{"@type":"SearchAction","target":{"@type":"EntryPoint","urlTemplate":"https:\/\/ptgeo.org.pl\/?s={search_term_string}"},"query-input":{"@type":"PropertyValueSpecification","valueRequired":true,"valueName":"search_term_string"}}],"inLanguage":"en-US"},{"@type":"Organization","@id":"https:\/\/ptgeo.org.pl\/#organization","name":"Polskie Towarzystwo Geograficzne","url":"https:\/\/ptgeo.org.pl\/","logo":{"@type":"ImageObject","inLanguage":"en-US","@id":"https:\/\/ptgeo.org.pl\/#\/schema\/logo\/image\/","url":"https:\/\/ptgeo.org.pl\/wp-content\/uploads\/2020\/11\/PTG_Logo_Kwadrat.jpg","contentUrl":"https:\/\/ptgeo.org.pl\/wp-content\/uploads\/2020\/11\/PTG_Logo_Kwadrat.jpg","width":750,"height":750,"caption":"Polskie Towarzystwo Geograficzne"},"image":{"@id":"https:\/\/ptgeo.org.pl\/#\/schema\/logo\/image\/"},"sameAs":["https:\/\/www.facebook.com\/ptgeo.org\/","https:\/\/pl.wikipedia.org\/wiki\/Polskie_Towarzystwo_Geograficzne"]}]}},"_links":{"self":[{"href":"https:\/\/ptgeo.org.pl\/en\/wp-json\/wp\/v2\/pages\/4913","targetHints":{"allow":["GET"]}}],"collection":[{"href":"https:\/\/ptgeo.org.pl\/en\/wp-json\/wp\/v2\/pages"}],"about":[{"href":"https:\/\/ptgeo.org.pl\/en\/wp-json\/wp\/v2\/types\/page"}],"author":[{"embeddable":true,"href":"https:\/\/ptgeo.org.pl\/en\/wp-json\/wp\/v2\/users\/6"}],"replies":[{"embeddable":true,"href":"https:\/\/ptgeo.org.pl\/en\/wp-json\/wp\/v2\/comments?post=4913"}],"version-history":[{"count":0,"href":"https:\/\/ptgeo.org.pl\/en\/wp-json\/wp\/v2\/pages\/4913\/revisions"}],"up":[{"embeddable":true,"href":"https:\/\/ptgeo.org.pl\/en\/wp-json\/wp\/v2\/pages\/4886"}],"wp:featuredmedia":[{"embeddable":true,"href":"https:\/\/ptgeo.org.pl\/en\/wp-json\/wp\/v2\/media\/5234"}],"wp:attachment":[{"href":"https:\/\/ptgeo.org.pl\/en\/wp-json\/wp\/v2\/media?parent=4913"}],"curies":[{"name":"wp","href":"https:\/\/api.w.org\/{rel}","templated":true}]}}