{"id":3585,"date":"2021-10-28T12:38:23","date_gmt":"2021-10-28T10:38:23","guid":{"rendered":"https:\/\/ptgeo.org.pl\/?page_id=3585"},"modified":"2021-10-28T12:38:23","modified_gmt":"2021-10-28T10:38:23","slug":"kontakt","status":"publish","type":"page","link":"https:\/\/ptgeo.org.pl\/en\/radom\/kontakt\/","title":{"rendered":"(Polski) Kontakt"},"content":{"rendered":"<p class=\"qtranxs-available-languages-message qtranxs-available-languages-message-en\">Sorry, this entry is only available in <a href=\"https:\/\/ptgeo.org.pl\/pl\/wp-json\/wp\/v2\/pages\/3585\" class=\"qtranxs-available-language-link qtranxs-available-language-link-pl\" title=\"Polski\">Polski<\/a>.<\/p>","protected":false},"excerpt":{"rendered":"<p>Sorry, this entry is only available in Polski.<\/p>\n","protected":false},"author":2,"featured_media":3576,"parent":3573,"menu_order":3,"comment_status":"closed","ping_status":"closed","template":"page-commision-subpage.php","meta":{"footnotes":""},"class_list":["post-3585","page","type-page","status-publish","has-post-thumbnail","hentry"],"yoast_head":"<!-- This site is optimized with the Yoast SEO plugin v27.3 - https:\/\/yoast.com\/product\/yoast-seo-wordpress\/ -->\n<title>Oddzia\u0142 Radomski PTG. Dane kontaktowe<\/title>\n<meta name=\"description\" content=\"Z Oddzia\u0142em Radomskim PTG mo\u017cliwy jest kontakt zar\u00f3wno mailowy, poprzez stron\u0119 internetow\u0105, jak i telefoniczny.\" \/>\n<meta name=\"robots\" content=\"index, follow, max-snippet:-1, max-image-preview:large, max-video-preview:-1\" \/>\n<link rel=\"canonical\" href=\"https:\/\/ptgeo.org.pl\/radom\/kontakt\/\" \/>\n<meta property=\"og:locale\" content=\"en_US\" \/>\n<meta property=\"og:type\" content=\"article\" \/>\n<meta property=\"og:title\" content=\"Oddzia\u0142 Radomski PTG. Dane kontaktowe\" \/>\n<meta property=\"og:description\" content=\"Z Oddzia\u0142em Radomskim PTG mo\u017cliwy jest kontakt zar\u00f3wno mailowy, poprzez stron\u0119 internetow\u0105, jak i telefoniczny.\" \/>\n<meta property=\"og:url\" content=\"https:\/\/ptgeo.org.pl\/radom\/kontakt\/\" \/>\n<meta property=\"og:site_name\" content=\"Polish Geographical Society\" \/>\n<meta property=\"article:publisher\" content=\"https:\/\/www.facebook.com\/ptgeo.org\/\" \/>\n<meta property=\"og:image\" content=\"https:\/\/ptgeo.org.pl\/wp-content\/uploads\/2021\/10\/Oddzial_Radomski_PTG_2.jpg\" \/>\n\t<meta property=\"og:image:width\" content=\"2048\" \/>\n\t<meta property=\"og:image:height\" content=\"1536\" \/>\n\t<meta property=\"og:image:type\" content=\"image\/jpeg\" \/>\n<script type=\"application\/ld+json\" class=\"yoast-schema-graph\">{\"@context\":\"https:\\\/\\\/schema.org\",\"@graph\":[{\"@type\":\"WebPage\",\"@id\":\"https:\\\/\\\/ptgeo.org.pl\\\/radom\\\/kontakt\\\/\",\"url\":\"https:\\\/\\\/ptgeo.org.pl\\\/radom\\\/kontakt\\\/\",\"name\":\"Oddzia\u0142 Radomski PTG. Dane kontaktowe\",\"isPartOf\":{\"@id\":\"https:\\\/\\\/ptgeo.org.pl\\\/#website\"},\"primaryImageOfPage\":{\"@id\":\"https:\\\/\\\/ptgeo.org.pl\\\/radom\\\/kontakt\\\/#primaryimage\"},\"image\":{\"@id\":\"https:\\\/\\\/ptgeo.org.pl\\\/radom\\\/kontakt\\\/#primaryimage\"},\"thumbnailUrl\":\"https:\\\/\\\/ptgeo.org.pl\\\/wp-content\\\/uploads\\\/2021\\\/10\\\/Oddzial_Radomski_PTG_2.jpg\",\"datePublished\":\"2021-10-28T10:38:23+00:00\",\"description\":\"Z Oddzia\u0142em Radomskim PTG mo\u017cliwy jest kontakt zar\u00f3wno mailowy, poprzez stron\u0119 internetow\u0105, jak i telefoniczny.\",\"breadcrumb\":{\"@id\":\"https:\\\/\\\/ptgeo.org.pl\\\/radom\\\/kontakt\\\/#breadcrumb\"},\"inLanguage\":\"en-US\",\"potentialAction\":[{\"@type\":\"ReadAction\",\"target\":[\"https:\\\/\\\/ptgeo.org.pl\\\/radom\\\/kontakt\\\/\"]}]},{\"@type\":\"ImageObject\",\"inLanguage\":\"en-US\",\"@id\":\"https:\\\/\\\/ptgeo.org.pl\\\/radom\\\/kontakt\\\/#primaryimage\",\"url\":\"https:\\\/\\\/ptgeo.org.pl\\\/wp-content\\\/uploads\\\/2021\\\/10\\\/Oddzial_Radomski_PTG_2.jpg\",\"contentUrl\":\"https:\\\/\\\/ptgeo.org.pl\\\/wp-content\\\/uploads\\\/2021\\\/10\\\/Oddzial_Radomski_PTG_2.jpg\",\"width\":2048,\"height\":1536},{\"@type\":\"BreadcrumbList\",\"@id\":\"https:\\\/\\\/ptgeo.org.pl\\\/radom\\\/kontakt\\\/#breadcrumb\",\"itemListElement\":[{\"@type\":\"ListItem\",\"position\":1,\"name\":\"Strona g\u0142\u00f3wna\",\"item\":\"https:\\\/\\\/ptgeo.org.pl\\\/\"},{\"@type\":\"ListItem\",\"position\":2,\"name\":\"Oddzia\u0142 Radomski PTG\",\"item\":\"https:\\\/\\\/ptgeo.org.pl\\\/radom\\\/\"},{\"@type\":\"ListItem\",\"position\":3,\"name\":\"Kontakt\"}]},{\"@type\":\"WebSite\",\"@id\":\"https:\\\/\\\/ptgeo.org.pl\\\/#website\",\"url\":\"https:\\\/\\\/ptgeo.org.pl\\\/\",\"name\":\"Polskie Towarzystwo Geograficzne (PTG)\",\"description\":\"Official Website of Polish Geographical Society. Information, news, contacts and more.\",\"publisher\":{\"@id\":\"https:\\\/\\\/ptgeo.org.pl\\\/#organization\"},\"potentialAction\":[{\"@type\":\"SearchAction\",\"target\":{\"@type\":\"EntryPoint\",\"urlTemplate\":\"https:\\\/\\\/ptgeo.org.pl\\\/?s={search_term_string}\"},\"query-input\":{\"@type\":\"PropertyValueSpecification\",\"valueRequired\":true,\"valueName\":\"search_term_string\"}}],\"inLanguage\":\"en-US\"},{\"@type\":\"Organization\",\"@id\":\"https:\\\/\\\/ptgeo.org.pl\\\/#organization\",\"name\":\"Polskie Towarzystwo Geograficzne\",\"url\":\"https:\\\/\\\/ptgeo.org.pl\\\/\",\"logo\":{\"@type\":\"ImageObject\",\"inLanguage\":\"en-US\",\"@id\":\"https:\\\/\\\/ptgeo.org.pl\\\/#\\\/schema\\\/logo\\\/image\\\/\",\"url\":\"https:\\\/\\\/ptgeo.org.pl\\\/wp-content\\\/uploads\\\/2020\\\/11\\\/PTG_Logo_Kwadrat.jpg\",\"contentUrl\":\"https:\\\/\\\/ptgeo.org.pl\\\/wp-content\\\/uploads\\\/2020\\\/11\\\/PTG_Logo_Kwadrat.jpg\",\"width\":750,\"height\":750,\"caption\":\"Polskie Towarzystwo Geograficzne\"},\"image\":{\"@id\":\"https:\\\/\\\/ptgeo.org.pl\\\/#\\\/schema\\\/logo\\\/image\\\/\"},\"sameAs\":[\"https:\\\/\\\/www.facebook.com\\\/ptgeo.org\\\/\",\"https:\\\/\\\/pl.wikipedia.org\\\/wiki\\\/Polskie_Towarzystwo_Geograficzne\"]}]}<\/script>\n<!-- \/ Yoast SEO plugin. -->","yoast_head_json":{"title":"Oddzia\u0142 Radomski PTG. Dane kontaktowe","description":"Z Oddzia\u0142em Radomskim PTG mo\u017cliwy jest kontakt zar\u00f3wno mailowy, poprzez stron\u0119 internetow\u0105, jak i telefoniczny.","robots":{"index":"index","follow":"follow","max-snippet":"max-snippet:-1","max-image-preview":"max-image-preview:large","max-video-preview":"max-video-preview:-1"},"canonical":"https:\/\/ptgeo.org.pl\/radom\/kontakt\/","og_locale":"en_US","og_type":"article","og_title":"Oddzia\u0142 Radomski PTG. Dane kontaktowe","og_description":"Z Oddzia\u0142em Radomskim PTG mo\u017cliwy jest kontakt zar\u00f3wno mailowy, poprzez stron\u0119 internetow\u0105, jak i telefoniczny.","og_url":"https:\/\/ptgeo.org.pl\/radom\/kontakt\/","og_site_name":"Polish Geographical Society","article_publisher":"https:\/\/www.facebook.com\/ptgeo.org\/","og_image":[{"width":2048,"height":1536,"url":"https:\/\/ptgeo.org.pl\/wp-content\/uploads\/2021\/10\/Oddzial_Radomski_PTG_2.jpg","type":"image\/jpeg"}],"schema":{"@context":"https:\/\/schema.org","@graph":[{"@type":"WebPage","@id":"https:\/\/ptgeo.org.pl\/radom\/kontakt\/","url":"https:\/\/ptgeo.org.pl\/radom\/kontakt\/","name":"Oddzia\u0142 Radomski PTG. Dane kontaktowe","isPartOf":{"@id":"https:\/\/ptgeo.org.pl\/#website"},"primaryImageOfPage":{"@id":"https:\/\/ptgeo.org.pl\/radom\/kontakt\/#primaryimage"},"image":{"@id":"https:\/\/ptgeo.org.pl\/radom\/kontakt\/#primaryimage"},"thumbnailUrl":"https:\/\/ptgeo.org.pl\/wp-content\/uploads\/2021\/10\/Oddzial_Radomski_PTG_2.jpg","datePublished":"2021-10-28T10:38:23+00:00","description":"Z Oddzia\u0142em Radomskim PTG mo\u017cliwy jest kontakt zar\u00f3wno mailowy, poprzez stron\u0119 internetow\u0105, jak i telefoniczny.","breadcrumb":{"@id":"https:\/\/ptgeo.org.pl\/radom\/kontakt\/#breadcrumb"},"inLanguage":"en-US","potentialAction":[{"@type":"ReadAction","target":["https:\/\/ptgeo.org.pl\/radom\/kontakt\/"]}]},{"@type":"ImageObject","inLanguage":"en-US","@id":"https:\/\/ptgeo.org.pl\/radom\/kontakt\/#primaryimage","url":"https:\/\/ptgeo.org.pl\/wp-content\/uploads\/2021\/10\/Oddzial_Radomski_PTG_2.jpg","contentUrl":"https:\/\/ptgeo.org.pl\/wp-content\/uploads\/2021\/10\/Oddzial_Radomski_PTG_2.jpg","width":2048,"height":1536},{"@type":"BreadcrumbList","@id":"https:\/\/ptgeo.org.pl\/radom\/kontakt\/#breadcrumb","itemListElement":[{"@type":"ListItem","position":1,"name":"Strona g\u0142\u00f3wna","item":"https:\/\/ptgeo.org.pl\/"},{"@type":"ListItem","position":2,"name":"Oddzia\u0142 Radomski PTG","item":"https:\/\/ptgeo.org.pl\/radom\/"},{"@type":"ListItem","position":3,"name":"Kontakt"}]},{"@type":"WebSite","@id":"https:\/\/ptgeo.org.pl\/#website","url":"https:\/\/ptgeo.org.pl\/","name":"Polskie Towarzystwo Geograficzne (PTG)","description":"Official Website of Polish Geographical Society. Information, news, contacts and more.","publisher":{"@id":"https:\/\/ptgeo.org.pl\/#organization"},"potentialAction":[{"@type":"SearchAction","target":{"@type":"EntryPoint","urlTemplate":"https:\/\/ptgeo.org.pl\/?s={search_term_string}"},"query-input":{"@type":"PropertyValueSpecification","valueRequired":true,"valueName":"search_term_string"}}],"inLanguage":"en-US"},{"@type":"Organization","@id":"https:\/\/ptgeo.org.pl\/#organization","name":"Polskie Towarzystwo Geograficzne","url":"https:\/\/ptgeo.org.pl\/","logo":{"@type":"ImageObject","inLanguage":"en-US","@id":"https:\/\/ptgeo.org.pl\/#\/schema\/logo\/image\/","url":"https:\/\/ptgeo.org.pl\/wp-content\/uploads\/2020\/11\/PTG_Logo_Kwadrat.jpg","contentUrl":"https:\/\/ptgeo.org.pl\/wp-content\/uploads\/2020\/11\/PTG_Logo_Kwadrat.jpg","width":750,"height":750,"caption":"Polskie Towarzystwo Geograficzne"},"image":{"@id":"https:\/\/ptgeo.org.pl\/#\/schema\/logo\/image\/"},"sameAs":["https:\/\/www.facebook.com\/ptgeo.org\/","https:\/\/pl.wikipedia.org\/wiki\/Polskie_Towarzystwo_Geograficzne"]}]}},"_links":{"self":[{"href":"https:\/\/ptgeo.org.pl\/en\/wp-json\/wp\/v2\/pages\/3585","targetHints":{"allow":["GET"]}}],"collection":[{"href":"https:\/\/ptgeo.org.pl\/en\/wp-json\/wp\/v2\/pages"}],"about":[{"href":"https:\/\/ptgeo.org.pl\/en\/wp-json\/wp\/v2\/types\/page"}],"author":[{"embeddable":true,"href":"https:\/\/ptgeo.org.pl\/en\/wp-json\/wp\/v2\/users\/2"}],"replies":[{"embeddable":true,"href":"https:\/\/ptgeo.org.pl\/en\/wp-json\/wp\/v2\/comments?post=3585"}],"version-history":[{"count":0,"href":"https:\/\/ptgeo.org.pl\/en\/wp-json\/wp\/v2\/pages\/3585\/revisions"}],"up":[{"embeddable":true,"href":"https:\/\/ptgeo.org.pl\/en\/wp-json\/wp\/v2\/pages\/3573"}],"wp:featuredmedia":[{"embeddable":true,"href":"https:\/\/ptgeo.org.pl\/en\/wp-json\/wp\/v2\/media\/3576"}],"wp:attachment":[{"href":"https:\/\/ptgeo.org.pl\/en\/wp-json\/wp\/v2\/media?parent=3585"}],"curies":[{"name":"wp","href":"https:\/\/api.w.org\/{rel}","templated":true}]}}