{"id":269,"date":"2016-12-22T14:29:02","date_gmt":"2016-12-22T13:29:02","guid":{"rendered":"https:\/\/ptgeo.org.pl\/?page_id=269"},"modified":"2026-03-03T13:13:48","modified_gmt":"2026-03-03T12:13:48","slug":"konkurs-prac-magisterskich","status":"publish","type":"page","link":"https:\/\/ptgeo.org.pl\/en\/dzialalnosc\/konkurs-prac-magisterskich\/","title":{"rendered":"(Polski) Konkurs prac magisterskich"},"content":{"rendered":"<p class=\"qtranxs-available-languages-message qtranxs-available-languages-message-en\">Sorry, this entry is only available in <a href=\"https:\/\/ptgeo.org.pl\/pl\/wp-json\/wp\/v2\/pages\/269\" class=\"qtranxs-available-language-link qtranxs-available-language-link-pl\" title=\"Polski\">Polski<\/a>.<\/p>","protected":false},"excerpt":{"rendered":"<p>Sorry, this entry is only available in Polski.<\/p>\n","protected":false},"author":2,"featured_media":3421,"parent":245,"menu_order":3,"comment_status":"closed","ping_status":"closed","template":"","meta":{"footnotes":""},"class_list":["post-269","page","type-page","status-publish","has-post-thumbnail","hentry"],"yoast_head":"<!-- This site is optimized with the Yoast SEO plugin v27.3 - https:\/\/yoast.com\/product\/yoast-seo-wordpress\/ -->\n<title>Konkurs prac magisterskich z zakresu geografii<\/title>\n<meta name=\"description\" content=\"Konkurs prac magisterskich organizowany jest przez PTG w celu promocji osi\u0105gni\u0119\u0107 m\u0142odych, utalentowanych geograf\u00f3w.\" \/>\n<meta name=\"robots\" content=\"index, follow, max-snippet:-1, max-image-preview:large, max-video-preview:-1\" \/>\n<link rel=\"canonical\" href=\"https:\/\/ptgeo.org.pl\/dzialalnosc\/konkurs-prac-magisterskich\/\" \/>\n<meta property=\"og:locale\" content=\"en_US\" \/>\n<meta property=\"og:type\" content=\"article\" \/>\n<meta property=\"og:title\" content=\"Konkurs prac magisterskich z zakresu geografii\" \/>\n<meta property=\"og:description\" content=\"Konkurs prac magisterskich organizowany jest przez PTG w celu promocji osi\u0105gni\u0119\u0107 m\u0142odych, utalentowanych geograf\u00f3w.\" \/>\n<meta property=\"og:url\" content=\"https:\/\/ptgeo.org.pl\/dzialalnosc\/konkurs-prac-magisterskich\/\" \/>\n<meta property=\"og:site_name\" content=\"Polish Geographical Society\" \/>\n<meta property=\"article:publisher\" content=\"https:\/\/www.facebook.com\/ptgeo.org\/\" \/>\n<meta property=\"article:modified_time\" content=\"2026-03-03T12:13:48+00:00\" \/>\n<meta property=\"og:image\" content=\"https:\/\/ptgeo.org.pl\/wp-content\/uploads\/2021\/10\/Konkurs_Prac_Magisterskich.jpg\" \/>\n\t<meta property=\"og:image:width\" content=\"640\" \/>\n\t<meta property=\"og:image:height\" content=\"435\" \/>\n\t<meta property=\"og:image:type\" content=\"image\/jpeg\" \/>\n<meta name=\"twitter:label1\" content=\"Est. reading time\" \/>\n\t<meta name=\"twitter:data1\" content=\"23 minutes\" \/>\n<script type=\"application\/ld+json\" class=\"yoast-schema-graph\">{\"@context\":\"https:\\\/\\\/schema.org\",\"@graph\":[{\"@type\":\"WebPage\",\"@id\":\"https:\\\/\\\/ptgeo.org.pl\\\/dzialalnosc\\\/konkurs-prac-magisterskich\\\/\",\"url\":\"https:\\\/\\\/ptgeo.org.pl\\\/dzialalnosc\\\/konkurs-prac-magisterskich\\\/\",\"name\":\"Konkurs prac magisterskich z zakresu geografii\",\"isPartOf\":{\"@id\":\"https:\\\/\\\/ptgeo.org.pl\\\/#website\"},\"primaryImageOfPage\":{\"@id\":\"https:\\\/\\\/ptgeo.org.pl\\\/dzialalnosc\\\/konkurs-prac-magisterskich\\\/#primaryimage\"},\"image\":{\"@id\":\"https:\\\/\\\/ptgeo.org.pl\\\/dzialalnosc\\\/konkurs-prac-magisterskich\\\/#primaryimage\"},\"thumbnailUrl\":\"https:\\\/\\\/ptgeo.org.pl\\\/wp-content\\\/uploads\\\/2021\\\/10\\\/Konkurs_Prac_Magisterskich.jpg\",\"datePublished\":\"2016-12-22T13:29:02+00:00\",\"dateModified\":\"2026-03-03T12:13:48+00:00\",\"description\":\"Konkurs prac magisterskich organizowany jest przez PTG w celu promocji osi\u0105gni\u0119\u0107 m\u0142odych, utalentowanych geograf\u00f3w.\",\"breadcrumb\":{\"@id\":\"https:\\\/\\\/ptgeo.org.pl\\\/dzialalnosc\\\/konkurs-prac-magisterskich\\\/#breadcrumb\"},\"inLanguage\":\"en-US\",\"potentialAction\":[{\"@type\":\"ReadAction\",\"target\":[\"https:\\\/\\\/ptgeo.org.pl\\\/dzialalnosc\\\/konkurs-prac-magisterskich\\\/\"]}]},{\"@type\":\"ImageObject\",\"inLanguage\":\"en-US\",\"@id\":\"https:\\\/\\\/ptgeo.org.pl\\\/dzialalnosc\\\/konkurs-prac-magisterskich\\\/#primaryimage\",\"url\":\"https:\\\/\\\/ptgeo.org.pl\\\/wp-content\\\/uploads\\\/2021\\\/10\\\/Konkurs_Prac_Magisterskich.jpg\",\"contentUrl\":\"https:\\\/\\\/ptgeo.org.pl\\\/wp-content\\\/uploads\\\/2021\\\/10\\\/Konkurs_Prac_Magisterskich.jpg\",\"width\":640,\"height\":435},{\"@type\":\"BreadcrumbList\",\"@id\":\"https:\\\/\\\/ptgeo.org.pl\\\/dzialalnosc\\\/konkurs-prac-magisterskich\\\/#breadcrumb\",\"itemListElement\":[{\"@type\":\"ListItem\",\"position\":1,\"name\":\"Strona g\u0142\u00f3wna\",\"item\":\"https:\\\/\\\/ptgeo.org.pl\\\/\"},{\"@type\":\"ListItem\",\"position\":2,\"name\":\"Dzia\u0142alno\u015b\u0107\",\"item\":\"https:\\\/\\\/ptgeo.org.pl\\\/dzialalnosc\\\/\"},{\"@type\":\"ListItem\",\"position\":3,\"name\":\"Konkurs prac magisterskich\"}]},{\"@type\":\"WebSite\",\"@id\":\"https:\\\/\\\/ptgeo.org.pl\\\/#website\",\"url\":\"https:\\\/\\\/ptgeo.org.pl\\\/\",\"name\":\"Polskie Towarzystwo Geograficzne (PTG)\",\"description\":\"Official Website of Polish Geographical Society. Information, news, contacts and more.\",\"publisher\":{\"@id\":\"https:\\\/\\\/ptgeo.org.pl\\\/#organization\"},\"potentialAction\":[{\"@type\":\"SearchAction\",\"target\":{\"@type\":\"EntryPoint\",\"urlTemplate\":\"https:\\\/\\\/ptgeo.org.pl\\\/?s={search_term_string}\"},\"query-input\":{\"@type\":\"PropertyValueSpecification\",\"valueRequired\":true,\"valueName\":\"search_term_string\"}}],\"inLanguage\":\"en-US\"},{\"@type\":\"Organization\",\"@id\":\"https:\\\/\\\/ptgeo.org.pl\\\/#organization\",\"name\":\"Polskie Towarzystwo Geograficzne\",\"url\":\"https:\\\/\\\/ptgeo.org.pl\\\/\",\"logo\":{\"@type\":\"ImageObject\",\"inLanguage\":\"en-US\",\"@id\":\"https:\\\/\\\/ptgeo.org.pl\\\/#\\\/schema\\\/logo\\\/image\\\/\",\"url\":\"https:\\\/\\\/ptgeo.org.pl\\\/wp-content\\\/uploads\\\/2020\\\/11\\\/PTG_Logo_Kwadrat.jpg\",\"contentUrl\":\"https:\\\/\\\/ptgeo.org.pl\\\/wp-content\\\/uploads\\\/2020\\\/11\\\/PTG_Logo_Kwadrat.jpg\",\"width\":750,\"height\":750,\"caption\":\"Polskie Towarzystwo Geograficzne\"},\"image\":{\"@id\":\"https:\\\/\\\/ptgeo.org.pl\\\/#\\\/schema\\\/logo\\\/image\\\/\"},\"sameAs\":[\"https:\\\/\\\/www.facebook.com\\\/ptgeo.org\\\/\",\"https:\\\/\\\/pl.wikipedia.org\\\/wiki\\\/Polskie_Towarzystwo_Geograficzne\"]}]}<\/script>\n<!-- \/ Yoast SEO plugin. -->","yoast_head_json":{"title":"Konkurs prac magisterskich z zakresu geografii","description":"Konkurs prac magisterskich organizowany jest przez PTG w celu promocji osi\u0105gni\u0119\u0107 m\u0142odych, utalentowanych geograf\u00f3w.","robots":{"index":"index","follow":"follow","max-snippet":"max-snippet:-1","max-image-preview":"max-image-preview:large","max-video-preview":"max-video-preview:-1"},"canonical":"https:\/\/ptgeo.org.pl\/dzialalnosc\/konkurs-prac-magisterskich\/","og_locale":"en_US","og_type":"article","og_title":"Konkurs prac magisterskich z zakresu geografii","og_description":"Konkurs prac magisterskich organizowany jest przez PTG w celu promocji osi\u0105gni\u0119\u0107 m\u0142odych, utalentowanych geograf\u00f3w.","og_url":"https:\/\/ptgeo.org.pl\/dzialalnosc\/konkurs-prac-magisterskich\/","og_site_name":"Polish Geographical Society","article_publisher":"https:\/\/www.facebook.com\/ptgeo.org\/","article_modified_time":"2026-03-03T12:13:48+00:00","og_image":[{"width":640,"height":435,"url":"https:\/\/ptgeo.org.pl\/wp-content\/uploads\/2021\/10\/Konkurs_Prac_Magisterskich.jpg","type":"image\/jpeg"}],"twitter_misc":{"Est. reading time":"23 minutes"},"schema":{"@context":"https:\/\/schema.org","@graph":[{"@type":"WebPage","@id":"https:\/\/ptgeo.org.pl\/dzialalnosc\/konkurs-prac-magisterskich\/","url":"https:\/\/ptgeo.org.pl\/dzialalnosc\/konkurs-prac-magisterskich\/","name":"Konkurs prac magisterskich z zakresu geografii","isPartOf":{"@id":"https:\/\/ptgeo.org.pl\/#website"},"primaryImageOfPage":{"@id":"https:\/\/ptgeo.org.pl\/dzialalnosc\/konkurs-prac-magisterskich\/#primaryimage"},"image":{"@id":"https:\/\/ptgeo.org.pl\/dzialalnosc\/konkurs-prac-magisterskich\/#primaryimage"},"thumbnailUrl":"https:\/\/ptgeo.org.pl\/wp-content\/uploads\/2021\/10\/Konkurs_Prac_Magisterskich.jpg","datePublished":"2016-12-22T13:29:02+00:00","dateModified":"2026-03-03T12:13:48+00:00","description":"Konkurs prac magisterskich organizowany jest przez PTG w celu promocji osi\u0105gni\u0119\u0107 m\u0142odych, utalentowanych geograf\u00f3w.","breadcrumb":{"@id":"https:\/\/ptgeo.org.pl\/dzialalnosc\/konkurs-prac-magisterskich\/#breadcrumb"},"inLanguage":"en-US","potentialAction":[{"@type":"ReadAction","target":["https:\/\/ptgeo.org.pl\/dzialalnosc\/konkurs-prac-magisterskich\/"]}]},{"@type":"ImageObject","inLanguage":"en-US","@id":"https:\/\/ptgeo.org.pl\/dzialalnosc\/konkurs-prac-magisterskich\/#primaryimage","url":"https:\/\/ptgeo.org.pl\/wp-content\/uploads\/2021\/10\/Konkurs_Prac_Magisterskich.jpg","contentUrl":"https:\/\/ptgeo.org.pl\/wp-content\/uploads\/2021\/10\/Konkurs_Prac_Magisterskich.jpg","width":640,"height":435},{"@type":"BreadcrumbList","@id":"https:\/\/ptgeo.org.pl\/dzialalnosc\/konkurs-prac-magisterskich\/#breadcrumb","itemListElement":[{"@type":"ListItem","position":1,"name":"Strona g\u0142\u00f3wna","item":"https:\/\/ptgeo.org.pl\/"},{"@type":"ListItem","position":2,"name":"Dzia\u0142alno\u015b\u0107","item":"https:\/\/ptgeo.org.pl\/dzialalnosc\/"},{"@type":"ListItem","position":3,"name":"Konkurs prac magisterskich"}]},{"@type":"WebSite","@id":"https:\/\/ptgeo.org.pl\/#website","url":"https:\/\/ptgeo.org.pl\/","name":"Polskie Towarzystwo Geograficzne (PTG)","description":"Official Website of Polish Geographical Society. Information, news, contacts and more.","publisher":{"@id":"https:\/\/ptgeo.org.pl\/#organization"},"potentialAction":[{"@type":"SearchAction","target":{"@type":"EntryPoint","urlTemplate":"https:\/\/ptgeo.org.pl\/?s={search_term_string}"},"query-input":{"@type":"PropertyValueSpecification","valueRequired":true,"valueName":"search_term_string"}}],"inLanguage":"en-US"},{"@type":"Organization","@id":"https:\/\/ptgeo.org.pl\/#organization","name":"Polskie Towarzystwo Geograficzne","url":"https:\/\/ptgeo.org.pl\/","logo":{"@type":"ImageObject","inLanguage":"en-US","@id":"https:\/\/ptgeo.org.pl\/#\/schema\/logo\/image\/","url":"https:\/\/ptgeo.org.pl\/wp-content\/uploads\/2020\/11\/PTG_Logo_Kwadrat.jpg","contentUrl":"https:\/\/ptgeo.org.pl\/wp-content\/uploads\/2020\/11\/PTG_Logo_Kwadrat.jpg","width":750,"height":750,"caption":"Polskie Towarzystwo Geograficzne"},"image":{"@id":"https:\/\/ptgeo.org.pl\/#\/schema\/logo\/image\/"},"sameAs":["https:\/\/www.facebook.com\/ptgeo.org\/","https:\/\/pl.wikipedia.org\/wiki\/Polskie_Towarzystwo_Geograficzne"]}]}},"_links":{"self":[{"href":"https:\/\/ptgeo.org.pl\/en\/wp-json\/wp\/v2\/pages\/269","targetHints":{"allow":["GET"]}}],"collection":[{"href":"https:\/\/ptgeo.org.pl\/en\/wp-json\/wp\/v2\/pages"}],"about":[{"href":"https:\/\/ptgeo.org.pl\/en\/wp-json\/wp\/v2\/types\/page"}],"author":[{"embeddable":true,"href":"https:\/\/ptgeo.org.pl\/en\/wp-json\/wp\/v2\/users\/2"}],"replies":[{"embeddable":true,"href":"https:\/\/ptgeo.org.pl\/en\/wp-json\/wp\/v2\/comments?post=269"}],"version-history":[{"count":6,"href":"https:\/\/ptgeo.org.pl\/en\/wp-json\/wp\/v2\/pages\/269\/revisions"}],"predecessor-version":[{"id":276,"href":"https:\/\/ptgeo.org.pl\/en\/wp-json\/wp\/v2\/pages\/269\/revisions\/276"}],"up":[{"embeddable":true,"href":"https:\/\/ptgeo.org.pl\/en\/wp-json\/wp\/v2\/pages\/245"}],"wp:featuredmedia":[{"embeddable":true,"href":"https:\/\/ptgeo.org.pl\/en\/wp-json\/wp\/v2\/media\/3421"}],"wp:attachment":[{"href":"https:\/\/ptgeo.org.pl\/en\/wp-json\/wp\/v2\/media?parent=269"}],"curies":[{"name":"wp","href":"https:\/\/api.w.org\/{rel}","templated":true}]}}